{"id":2582,"date":"2024-04-24T09:25:17","date_gmt":"2024-04-24T07:25:17","guid":{"rendered":"https:\/\/etlab.digital\/?page_id=2582"},"modified":"2024-09-23T12:39:06","modified_gmt":"2024-09-23T10:39:06","slug":"partneri","status":"publish","type":"page","link":"https:\/\/etlab.digital\/index.php\/partneri\/","title":{"rendered":"Partneri"},"content":{"rendered":"\t\t<div data-elementor-type=\"wp-page\" data-elementor-id=\"2582\" class=\"elementor elementor-2582\" data-elementor-settings=\"{&quot;element_pack_global_tooltip_width&quot;:{&quot;unit&quot;:&quot;px&quot;,&quot;size&quot;:&quot;&quot;,&quot;sizes&quot;:[]},&quot;element_pack_global_tooltip_width_tablet&quot;:{&quot;unit&quot;:&quot;px&quot;,&quot;size&quot;:&quot;&quot;,&quot;sizes&quot;:[]},&quot;element_pack_global_tooltip_width_mobile&quot;:{&quot;unit&quot;:&quot;px&quot;,&quot;size&quot;:&quot;&quot;,&quot;sizes&quot;:[]},&quot;element_pack_global_tooltip_padding&quot;:{&quot;unit&quot;:&quot;px&quot;,&quot;top&quot;:&quot;&quot;,&quot;right&quot;:&quot;&quot;,&quot;bottom&quot;:&quot;&quot;,&quot;left&quot;:&quot;&quot;,&quot;isLinked&quot;:true},&quot;element_pack_global_tooltip_padding_tablet&quot;:{&quot;unit&quot;:&quot;px&quot;,&quot;top&quot;:&quot;&quot;,&quot;right&quot;:&quot;&quot;,&quot;bottom&quot;:&quot;&quot;,&quot;left&quot;:&quot;&quot;,&quot;isLinked&quot;:true},&quot;element_pack_global_tooltip_padding_mobile&quot;:{&quot;unit&quot;:&quot;px&quot;,&quot;top&quot;:&quot;&quot;,&quot;right&quot;:&quot;&quot;,&quot;bottom&quot;:&quot;&quot;,&quot;left&quot;:&quot;&quot;,&quot;isLinked&quot;:true},&quot;element_pack_global_tooltip_border_radius&quot;:{&quot;unit&quot;:&quot;px&quot;,&quot;top&quot;:&quot;&quot;,&quot;right&quot;:&quot;&quot;,&quot;bottom&quot;:&quot;&quot;,&quot;left&quot;:&quot;&quot;,&quot;isLinked&quot;:true},&quot;element_pack_global_tooltip_border_radius_tablet&quot;:{&quot;unit&quot;:&quot;px&quot;,&quot;top&quot;:&quot;&quot;,&quot;right&quot;:&quot;&quot;,&quot;bottom&quot;:&quot;&quot;,&quot;left&quot;:&quot;&quot;,&quot;isLinked&quot;:true},&quot;element_pack_global_tooltip_border_radius_mobile&quot;:{&quot;unit&quot;:&quot;px&quot;,&quot;top&quot;:&quot;&quot;,&quot;right&quot;:&quot;&quot;,&quot;bottom&quot;:&quot;&quot;,&quot;left&quot;:&quot;&quot;,&quot;isLinked&quot;:true}}\" data-elementor-post-type=\"page\">\n\t\t\t\t<div class=\"elementor-element elementor-element-ece9842 e-flex e-con-boxed e-con e-parent\" data-id=\"ece9842\" data-element_type=\"container\" data-e-type=\"container\" data-settings=\"{&quot;background_background&quot;:&quot;classic&quot;}\">\n\t\t\t\t\t<div class=\"e-con-inner\">\n\t\t<div class=\"elementor-element elementor-element-47481c6 e-flex e-con-boxed e-con e-child\" data-id=\"47481c6\" data-element_type=\"container\" data-e-type=\"container\">\n\t\t\t\t\t<div class=\"e-con-inner\">\n\t\t<div class=\"elementor-element elementor-element-394a692 e-con-full e-flex e-con e-child\" data-id=\"394a692\" data-element_type=\"container\" data-e-type=\"container\">\n\t\t\t\t<div class=\"elementor-element elementor-element-1dd2eec elementor-widget elementor-widget-text-editor\" data-id=\"1dd2eec\" data-element_type=\"widget\" data-e-type=\"widget\" data-widget_type=\"text-editor.default\">\n\t\t\t\t<div class=\"elementor-widget-container\">\n\t\t\t\t\t\t\t\t\t<div class=\"breadcrumbs\" typeof=\"BreadcrumbList\" vocab=\"https:\/\/schema.org\/\"><span>\n<a title=\"Go to etlab.digital.\" href=\"https:\/\/etlab.digital\" class=\"home\">\n<span>etlab.digital<\/span><\/a><\/span><\/div>\t\t\t\t\t\t\t\t<\/div>\n\t\t\t\t<\/div>\n\t\t\t\t<div class=\"elementor-element elementor-element-2051220 elementor-widget elementor-widget-heading\" data-id=\"2051220\" data-element_type=\"widget\" data-e-type=\"widget\" data-widget_type=\"heading.default\">\n\t\t\t\t<div class=\"elementor-widget-container\">\n\t\t\t\t\t<h1 class=\"elementor-heading-title elementor-size-default\">Partneri<\/h1>\t\t\t\t<\/div>\n\t\t\t\t<\/div>\n\t\t\t\t<\/div>\n\t\t<div class=\"elementor-element elementor-element-732ea49 e-flex e-con-boxed e-con e-child\" data-id=\"732ea49\" data-element_type=\"container\" data-e-type=\"container\">\n\t\t\t\t\t<div class=\"e-con-inner\">\n\t\t\t\t\t<\/div>\n\t\t\t\t<\/div>\n\t\t\t\t\t<\/div>\n\t\t\t\t<\/div>\n\t\t\t\t\t<\/div>\n\t\t\t\t<\/div>\n\t\t<div class=\"elementor-element elementor-element-2a901fe e-flex e-con-boxed e-con e-parent\" data-id=\"2a901fe\" data-element_type=\"container\" data-e-type=\"container\">\n\t\t\t\t\t<div class=\"e-con-inner\">\n\t\t<div class=\"elementor-element elementor-element-5831907 e-con-full e-flex e-con e-child\" data-id=\"5831907\" data-element_type=\"container\" data-e-type=\"container\">\n\t\t<div class=\"elementor-element elementor-element-8793b64 e-con-full e-flex e-con e-child\" data-id=\"8793b64\" data-element_type=\"container\" data-e-type=\"container\">\n\t\t\t\t<div class=\"elementor-element elementor-element-a5c012d elementor-widget elementor-widget-image\" data-id=\"a5c012d\" data-element_type=\"widget\" data-e-type=\"widget\" data-widget_type=\"image.default\">\n\t\t\t\t<div class=\"elementor-widget-container\">\n\t\t\t\t\t\t\t\t\t\t\t\t\t\t\t\t<a href=\"https:\/\/etl-east.com\/\">\n\t\t\t\t\t\t\t<img fetchpriority=\"high\" decoding=\"async\" width=\"1024\" height=\"313\" src=\"https:\/\/etlab.digital\/wp-content\/uploads\/2024\/09\/ETL-EAST-ETL-SLOVAKIA-LOGO2-1024x313.webp\" class=\"attachment-large size-large wp-image-4336\" alt=\"\" srcset=\"https:\/\/etlab.digital\/wp-content\/uploads\/2024\/09\/ETL-EAST-ETL-SLOVAKIA-LOGO2-1024x313.webp 1024w, https:\/\/etlab.digital\/wp-content\/uploads\/2024\/09\/ETL-EAST-ETL-SLOVAKIA-LOGO2-300x92.webp 300w, https:\/\/etlab.digital\/wp-content\/uploads\/2024\/09\/ETL-EAST-ETL-SLOVAKIA-LOGO2-768x235.webp 768w, https:\/\/etlab.digital\/wp-content\/uploads\/2024\/09\/ETL-EAST-ETL-SLOVAKIA-LOGO2-1536x470.webp 1536w, https:\/\/etlab.digital\/wp-content\/uploads\/2024\/09\/ETL-EAST-ETL-SLOVAKIA-LOGO2-2048x626.webp 2048w\" sizes=\"(max-width: 1024px) 100vw, 1024px\" \/>\t\t\t\t\t\t\t\t<\/a>\n\t\t\t\t\t\t\t\t\t\t\t\t\t\t\t<\/div>\n\t\t\t\t<\/div>\n\t\t\t\t<\/div>\n\t\t<div class=\"elementor-element elementor-element-688a45b e-con-full e-flex e-con e-child\" data-id=\"688a45b\" data-element_type=\"container\" data-e-type=\"container\">\n\t\t\t\t<div class=\"elementor-element elementor-element-02f9183 elementor-widget elementor-widget-text-editor\" data-id=\"02f9183\" data-element_type=\"widget\" data-e-type=\"widget\" data-widget_type=\"text-editor.default\">\n\t\t\t\t<div class=\"elementor-widget-container\">\n\t\t\t\t\t\t\t\t\t<p>Dynamicky sa rozv\u00edjaj\u00faca <strong>konzulta\u010dn\u00e1 spolo\u010dnos\u0165,\u00a0<\/strong>ktor\u00e1 sa zaober\u00e1 poskytovan\u00edm slu\u017eieb v oblasti biznis poradenstva, pr\u00e1va, \u00fa\u010dtovn\u00edctva, dan\u00ed, auditu, mana\u017ementu, outsourcingu, IT integr\u00e1cie a \u013eudsk\u00fdch zdrojov. Akt\u00edvne\u00a0 prispievaj\u00fa k zv\u00fd\u0161eniu finan\u010dnej efekt\u00edvnosti a teda aj konkurencieschopnosti podnikate\u013esk\u00e9ho sektora na Slovensku a v strednej Eur\u00f3pe.<\/p>\t\t\t\t\t\t\t\t<\/div>\n\t\t\t\t<\/div>\n\t\t\t\t<div class=\"elementor-element elementor-element-78de834 elementor-icon-list--layout-traditional elementor-list-item-link-full_width elementor-widget elementor-widget-icon-list\" data-id=\"78de834\" data-element_type=\"widget\" data-e-type=\"widget\" data-widget_type=\"icon-list.default\">\n\t\t\t\t<div class=\"elementor-widget-container\">\n\t\t\t\t\t\t\t<ul class=\"elementor-icon-list-items\">\n\t\t\t\t\t\t\t<li class=\"elementor-icon-list-item\">\n\t\t\t\t\t\t\t\t\t\t\t<a href=\"http:\/\/www.etl-east.com\">\n\n\t\t\t\t\t\t\t\t\t\t\t\t<span class=\"elementor-icon-list-icon\">\n\t\t\t\t\t\t\t<svg aria-hidden=\"true\" class=\"e-font-icon-svg e-fas-globe\" viewBox=\"0 0 496 512\" xmlns=\"http:\/\/www.w3.org\/2000\/svg\"><path d=\"M336.5 160C322 70.7 287.8 8 248 8s-74 62.7-88.5 152h177zM152 256c0 22.2 1.2 43.5 3.3 64h185.3c2.1-20.5 3.3-41.8 3.3-64s-1.2-43.5-3.3-64H155.3c-2.1 20.5-3.3 41.8-3.3 64zm324.7-96c-28.6-67.9-86.5-120.4-158-141.6 24.4 33.8 41.2 84.7 50 141.6h108zM177.2 18.4C105.8 39.6 47.8 92.1 19.3 160h108c8.7-56.9 25.5-107.8 49.9-141.6zM487.4 192H372.7c2.1 21 3.3 42.5 3.3 64s-1.2 43-3.3 64h114.6c5.5-20.5 8.6-41.8 8.6-64s-3.1-43.5-8.5-64zM120 256c0-21.5 1.2-43 3.3-64H8.6C3.2 212.5 0 233.8 0 256s3.2 43.5 8.6 64h114.6c-2-21-3.2-42.5-3.2-64zm39.5 96c14.5 89.3 48.7 152 88.5 152s74-62.7 88.5-152h-177zm159.3 141.6c71.4-21.2 129.4-73.7 158-141.6h-108c-8.8 56.9-25.6 107.8-50 141.6zM19.3 352c28.6 67.9 86.5 120.4 158 141.6-24.4-33.8-41.2-84.7-50-141.6h-108z\"><\/path><\/svg>\t\t\t\t\t\t<\/span>\n\t\t\t\t\t\t\t\t\t\t<span class=\"elementor-icon-list-text\">www.etl-east.com<\/span>\n\t\t\t\t\t\t\t\t\t\t\t<\/a>\n\t\t\t\t\t\t\t\t\t<\/li>\n\t\t\t\t\t\t<\/ul>\n\t\t\t\t\t\t<\/div>\n\t\t\t\t<\/div>\n\t\t\t\t<\/div>\n\t\t\t\t<\/div>\n\t\t\t\t<div class=\"elementor-element elementor-element-41ef4e4 elementor-widget elementor-widget-spacer\" data-id=\"41ef4e4\" data-element_type=\"widget\" data-e-type=\"widget\" data-widget_type=\"spacer.default\">\n\t\t\t\t<div class=\"elementor-widget-container\">\n\t\t\t\t\t\t\t<div class=\"elementor-spacer\">\n\t\t\t<div class=\"elementor-spacer-inner\"><\/div>\n\t\t<\/div>\n\t\t\t\t\t\t<\/div>\n\t\t\t\t<\/div>\n\t\t\t\t\t<\/div>\n\t\t\t\t<\/div>\n\t\t<div class=\"elementor-element elementor-element-dccc172 e-flex e-con-boxed e-con e-parent\" data-id=\"dccc172\" data-element_type=\"container\" data-e-type=\"container\">\n\t\t\t\t\t<div class=\"e-con-inner\">\n\t\t<div class=\"elementor-element elementor-element-c1734ce e-con-full e-flex e-con e-child\" data-id=\"c1734ce\" data-element_type=\"container\" data-e-type=\"container\">\n\t\t<div class=\"elementor-element elementor-element-2f38b06 e-con-full e-flex e-con e-child\" data-id=\"2f38b06\" data-element_type=\"container\" data-e-type=\"container\">\n\t\t\t\t<div class=\"elementor-element elementor-element-a4a2de7 elementor-widget elementor-widget-image\" data-id=\"a4a2de7\" data-element_type=\"widget\" data-e-type=\"widget\" data-widget_type=\"image.default\">\n\t\t\t\t<div class=\"elementor-widget-container\">\n\t\t\t\t\t\t\t\t\t\t\t\t\t\t\t\t<a href=\"https:\/\/etl-payroll.eu\/\">\n\t\t\t\t\t\t\t<img decoding=\"async\" width=\"2560\" height=\"578\" src=\"https:\/\/etlab.digital\/wp-content\/uploads\/2024\/09\/etl-payroll-logo-scaled-1.webp\" class=\"attachment-full size-full wp-image-4328\" alt=\"etl-payroll-logo-scaled-1\" srcset=\"https:\/\/etlab.digital\/wp-content\/uploads\/2024\/09\/etl-payroll-logo-scaled-1.webp 2560w, https:\/\/etlab.digital\/wp-content\/uploads\/2024\/09\/etl-payroll-logo-scaled-1-300x68.webp 300w, https:\/\/etlab.digital\/wp-content\/uploads\/2024\/09\/etl-payroll-logo-scaled-1-1024x231.webp 1024w, https:\/\/etlab.digital\/wp-content\/uploads\/2024\/09\/etl-payroll-logo-scaled-1-768x173.webp 768w, https:\/\/etlab.digital\/wp-content\/uploads\/2024\/09\/etl-payroll-logo-scaled-1-1536x347.webp 1536w, https:\/\/etlab.digital\/wp-content\/uploads\/2024\/09\/etl-payroll-logo-scaled-1-2048x462.webp 2048w, https:\/\/etlab.digital\/wp-content\/uploads\/2024\/09\/etl-payroll-logo-scaled-1-800x180.webp 800w\" sizes=\"(max-width: 2560px) 100vw, 2560px\" \/>\t\t\t\t\t\t\t\t<\/a>\n\t\t\t\t\t\t\t\t\t\t\t\t\t\t\t<\/div>\n\t\t\t\t<\/div>\n\t\t\t\t<\/div>\n\t\t<div class=\"elementor-element elementor-element-22d585f e-con-full e-flex e-con e-child\" data-id=\"22d585f\" data-element_type=\"container\" data-e-type=\"container\">\n\t\t\t\t<div class=\"elementor-element elementor-element-630627d elementor-widget elementor-widget-text-editor\" data-id=\"630627d\" data-element_type=\"widget\" data-e-type=\"widget\" data-widget_type=\"text-editor.default\">\n\t\t\t\t<div class=\"elementor-widget-container\">\n\t\t\t\t\t\t\t\t\t<p><strong>Va\u0161e mzdy v\u010das a pod kontrolou.<\/strong><br \/>Outsourcing mzdov\u00e9ho \u00fa\u010dtovn\u00edctva<strong> na Slovensku a v \u010ceskej republike<\/strong> s pokro\u010dil\u00fdmi online n\u00e1strojmi.<\/p>\t\t\t\t\t\t\t\t<\/div>\n\t\t\t\t<\/div>\n\t\t\t\t<div class=\"elementor-element elementor-element-976c98c elementor-icon-list--layout-traditional elementor-list-item-link-full_width elementor-widget elementor-widget-icon-list\" data-id=\"976c98c\" data-element_type=\"widget\" data-e-type=\"widget\" data-widget_type=\"icon-list.default\">\n\t\t\t\t<div class=\"elementor-widget-container\">\n\t\t\t\t\t\t\t<ul class=\"elementor-icon-list-items\">\n\t\t\t\t\t\t\t<li class=\"elementor-icon-list-item\">\n\t\t\t\t\t\t\t\t\t\t\t<a href=\"http:\/\/www.etl-payrol.eu\">\n\n\t\t\t\t\t\t\t\t\t\t\t\t<span class=\"elementor-icon-list-icon\">\n\t\t\t\t\t\t\t<svg aria-hidden=\"true\" class=\"e-font-icon-svg e-fas-globe\" viewBox=\"0 0 496 512\" xmlns=\"http:\/\/www.w3.org\/2000\/svg\"><path d=\"M336.5 160C322 70.7 287.8 8 248 8s-74 62.7-88.5 152h177zM152 256c0 22.2 1.2 43.5 3.3 64h185.3c2.1-20.5 3.3-41.8 3.3-64s-1.2-43.5-3.3-64H155.3c-2.1 20.5-3.3 41.8-3.3 64zm324.7-96c-28.6-67.9-86.5-120.4-158-141.6 24.4 33.8 41.2 84.7 50 141.6h108zM177.2 18.4C105.8 39.6 47.8 92.1 19.3 160h108c8.7-56.9 25.5-107.8 49.9-141.6zM487.4 192H372.7c2.1 21 3.3 42.5 3.3 64s-1.2 43-3.3 64h114.6c5.5-20.5 8.6-41.8 8.6-64s-3.1-43.5-8.5-64zM120 256c0-21.5 1.2-43 3.3-64H8.6C3.2 212.5 0 233.8 0 256s3.2 43.5 8.6 64h114.6c-2-21-3.2-42.5-3.2-64zm39.5 96c14.5 89.3 48.7 152 88.5 152s74-62.7 88.5-152h-177zm159.3 141.6c71.4-21.2 129.4-73.7 158-141.6h-108c-8.8 56.9-25.6 107.8-50 141.6zM19.3 352c28.6 67.9 86.5 120.4 158 141.6-24.4-33.8-41.2-84.7-50-141.6h-108z\"><\/path><\/svg>\t\t\t\t\t\t<\/span>\n\t\t\t\t\t\t\t\t\t\t<span class=\"elementor-icon-list-text\">www.etl-payrol.eu<\/span>\n\t\t\t\t\t\t\t\t\t\t\t<\/a>\n\t\t\t\t\t\t\t\t\t<\/li>\n\t\t\t\t\t\t<\/ul>\n\t\t\t\t\t\t<\/div>\n\t\t\t\t<\/div>\n\t\t\t\t<\/div>\n\t\t\t\t<\/div>\n\t\t\t\t<div class=\"elementor-element elementor-element-860bcbb elementor-widget elementor-widget-spacer\" data-id=\"860bcbb\" data-element_type=\"widget\" data-e-type=\"widget\" data-widget_type=\"spacer.default\">\n\t\t\t\t<div class=\"elementor-widget-container\">\n\t\t\t\t\t\t\t<div class=\"elementor-spacer\">\n\t\t\t<div class=\"elementor-spacer-inner\"><\/div>\n\t\t<\/div>\n\t\t\t\t\t\t<\/div>\n\t\t\t\t<\/div>\n\t\t\t\t\t<\/div>\n\t\t\t\t<\/div>\n\t\t<div class=\"elementor-element elementor-element-b510c81 e-flex e-con-boxed e-con e-parent\" data-id=\"b510c81\" data-element_type=\"container\" data-e-type=\"container\">\n\t\t\t\t\t<div class=\"e-con-inner\">\n\t\t<div class=\"elementor-element elementor-element-fa9a6a5 e-con-full e-flex e-con e-child\" data-id=\"fa9a6a5\" data-element_type=\"container\" data-e-type=\"container\">\n\t\t<div class=\"elementor-element elementor-element-4c44aa0 e-con-full e-flex e-con e-child\" data-id=\"4c44aa0\" data-element_type=\"container\" data-e-type=\"container\">\n\t\t\t\t<div class=\"elementor-element elementor-element-dc53abb elementor-widget elementor-widget-image\" data-id=\"dc53abb\" data-element_type=\"widget\" data-e-type=\"widget\" data-widget_type=\"image.default\">\n\t\t\t\t<div class=\"elementor-widget-container\">\n\t\t\t\t\t\t\t\t\t\t\t\t\t\t\t<img decoding=\"async\" width=\"1024\" height=\"225\" src=\"https:\/\/etlab.digital\/wp-content\/uploads\/2024\/09\/ETL-EAST-TAX-ETL-SLOVAKIA_RGB-1024x225.webp\" class=\"attachment-large size-large wp-image-4332\" alt=\"\" srcset=\"https:\/\/etlab.digital\/wp-content\/uploads\/2024\/09\/ETL-EAST-TAX-ETL-SLOVAKIA_RGB-1024x225.webp 1024w, https:\/\/etlab.digital\/wp-content\/uploads\/2024\/09\/ETL-EAST-TAX-ETL-SLOVAKIA_RGB-300x66.webp 300w, https:\/\/etlab.digital\/wp-content\/uploads\/2024\/09\/ETL-EAST-TAX-ETL-SLOVAKIA_RGB-768x169.webp 768w, https:\/\/etlab.digital\/wp-content\/uploads\/2024\/09\/ETL-EAST-TAX-ETL-SLOVAKIA_RGB-1536x338.webp 1536w, https:\/\/etlab.digital\/wp-content\/uploads\/2024\/09\/ETL-EAST-TAX-ETL-SLOVAKIA_RGB-2048x450.webp 2048w\" sizes=\"(max-width: 1024px) 100vw, 1024px\" \/>\t\t\t\t\t\t\t\t\t\t\t\t\t\t\t<\/div>\n\t\t\t\t<\/div>\n\t\t\t\t<\/div>\n\t\t<div class=\"elementor-element elementor-element-b529c21 e-con-full e-flex e-con e-child\" data-id=\"b529c21\" data-element_type=\"container\" data-e-type=\"container\">\n\t\t\t\t<\/div>\n\t\t\t\t<\/div>\n\t\t\t\t\t<\/div>\n\t\t\t\t<\/div>\n\t\t\t\t<\/div>\n\t\t","protected":false},"excerpt":{"rendered":"<p>Partnerii Dynamicky sa rozv\u00edjaj\u00faca konzulta\u010dn\u00e1 spolo\u010dnos\u0165,\u00a0ktor\u00e1 sa zaober\u00e1 poskytovan\u00edm slu\u017eieb v oblasti biznis poradenstva, pr\u00e1va, \u00fa\u010dtovn\u00edctva, dan\u00ed, auditu, mana\u017ementu, outsourcingu, IT integr\u00e1cie a \u013eudsk\u00fdch zdrojov. Akt\u00edvne\u00a0 prispievaj\u00fa k zv\u00fd\u0161eniu finan\u010dnej efekt\u00edvnosti a teda aj konkurencieschopnosti podnikate\u013esk\u00e9ho sektora na Slovensku a v strednej Eur\u00f3pe. www.etl-east.com Va\u0161e mzdy v\u010das a pod kontrolou.Outsourcing mzdov\u00e9ho \u00fa\u010dtovn\u00edctva na Slovensku a [&hellip;]<\/p>\n","protected":false},"author":1,"featured_media":0,"parent":0,"menu_order":0,"comment_status":"closed","ping_status":"closed","template":"","meta":{"footnotes":""},"class_list":["post-2582","page","type-page","status-publish","hentry"],"_links":{"self":[{"href":"https:\/\/etlab.digital\/index.php\/wp-json\/wp\/v2\/pages\/2582","targetHints":{"allow":["GET"]}}],"collection":[{"href":"https:\/\/etlab.digital\/index.php\/wp-json\/wp\/v2\/pages"}],"about":[{"href":"https:\/\/etlab.digital\/index.php\/wp-json\/wp\/v2\/types\/page"}],"author":[{"embeddable":true,"href":"https:\/\/etlab.digital\/index.php\/wp-json\/wp\/v2\/users\/1"}],"replies":[{"embeddable":true,"href":"https:\/\/etlab.digital\/index.php\/wp-json\/wp\/v2\/comments?post=2582"}],"version-history":[{"count":39,"href":"https:\/\/etlab.digital\/index.php\/wp-json\/wp\/v2\/pages\/2582\/revisions"}],"predecessor-version":[{"id":5353,"href":"https:\/\/etlab.digital\/index.php\/wp-json\/wp\/v2\/pages\/2582\/revisions\/5353"}],"wp:attachment":[{"href":"https:\/\/etlab.digital\/index.php\/wp-json\/wp\/v2\/media?parent=2582"}],"curies":[{"name":"wp","href":"https:\/\/api.w.org\/{rel}","templated":true}]}}