{"id":5326,"date":"2024-09-23T11:29:26","date_gmt":"2024-09-23T09:29:26","guid":{"rendered":"https:\/\/etlab.digital\/?page_id=5326"},"modified":"2025-07-10T10:18:13","modified_gmt":"2025-07-10T08:18:13","slug":"aktualizacie-webovych-aplikacii","status":"publish","type":"page","link":"https:\/\/etlab.digital\/index.php\/aktualizacie-webovych-aplikacii\/","title":{"rendered":"Aktualiz\u00e1cie webov\u00fdch aplik\u00e1ci\u00ed"},"content":{"rendered":"\t\t<div data-elementor-type=\"wp-page\" data-elementor-id=\"5326\" class=\"elementor elementor-5326\" data-elementor-settings=\"{&quot;element_pack_global_tooltip_width&quot;:{&quot;unit&quot;:&quot;px&quot;,&quot;size&quot;:&quot;&quot;,&quot;sizes&quot;:[]},&quot;element_pack_global_tooltip_width_tablet&quot;:{&quot;unit&quot;:&quot;px&quot;,&quot;size&quot;:&quot;&quot;,&quot;sizes&quot;:[]},&quot;element_pack_global_tooltip_width_mobile&quot;:{&quot;unit&quot;:&quot;px&quot;,&quot;size&quot;:&quot;&quot;,&quot;sizes&quot;:[]},&quot;element_pack_global_tooltip_padding&quot;:{&quot;unit&quot;:&quot;px&quot;,&quot;top&quot;:&quot;&quot;,&quot;right&quot;:&quot;&quot;,&quot;bottom&quot;:&quot;&quot;,&quot;left&quot;:&quot;&quot;,&quot;isLinked&quot;:true},&quot;element_pack_global_tooltip_padding_tablet&quot;:{&quot;unit&quot;:&quot;px&quot;,&quot;top&quot;:&quot;&quot;,&quot;right&quot;:&quot;&quot;,&quot;bottom&quot;:&quot;&quot;,&quot;left&quot;:&quot;&quot;,&quot;isLinked&quot;:true},&quot;element_pack_global_tooltip_padding_mobile&quot;:{&quot;unit&quot;:&quot;px&quot;,&quot;top&quot;:&quot;&quot;,&quot;right&quot;:&quot;&quot;,&quot;bottom&quot;:&quot;&quot;,&quot;left&quot;:&quot;&quot;,&quot;isLinked&quot;:true},&quot;element_pack_global_tooltip_border_radius&quot;:{&quot;unit&quot;:&quot;px&quot;,&quot;top&quot;:&quot;&quot;,&quot;right&quot;:&quot;&quot;,&quot;bottom&quot;:&quot;&quot;,&quot;left&quot;:&quot;&quot;,&quot;isLinked&quot;:true},&quot;element_pack_global_tooltip_border_radius_tablet&quot;:{&quot;unit&quot;:&quot;px&quot;,&quot;top&quot;:&quot;&quot;,&quot;right&quot;:&quot;&quot;,&quot;bottom&quot;:&quot;&quot;,&quot;left&quot;:&quot;&quot;,&quot;isLinked&quot;:true},&quot;element_pack_global_tooltip_border_radius_mobile&quot;:{&quot;unit&quot;:&quot;px&quot;,&quot;top&quot;:&quot;&quot;,&quot;right&quot;:&quot;&quot;,&quot;bottom&quot;:&quot;&quot;,&quot;left&quot;:&quot;&quot;,&quot;isLinked&quot;:true}}\" data-elementor-post-type=\"page\">\n\t\t\t\t<div class=\"elementor-element elementor-element-da0ee9f e-flex e-con-boxed e-con e-parent\" data-id=\"da0ee9f\" data-element_type=\"container\" data-e-type=\"container\" data-settings=\"{&quot;background_background&quot;:&quot;gradient&quot;}\">\n\t\t\t\t\t<div class=\"e-con-inner\">\n\t\t<div class=\"elementor-element elementor-element-64931f9 e-con-full e-flex e-con e-child\" data-id=\"64931f9\" data-element_type=\"container\" data-e-type=\"container\">\n\t\t\t\t<div class=\"elementor-element elementor-element-f83b968 animated-slow elementor-widget elementor-widget-heading\" data-id=\"f83b968\" data-element_type=\"widget\" data-e-type=\"widget\" data-settings=\"{&quot;_animation&quot;:&quot;none&quot;}\" data-widget_type=\"heading.default\">\n\t\t\t\t<div class=\"elementor-widget-container\">\n\t\t\t\t\t<h2 class=\"elementor-heading-title elementor-size-default\">Aktualiz\u00e1cie webov\u00fdch aplik\u00e1ci\u00ed<\/h2>\t\t\t\t<\/div>\n\t\t\t\t<\/div>\n\t\t\t\t<div class=\"elementor-element elementor-element-56ab599 elementor-widget elementor-widget-text-editor\" data-id=\"56ab599\" data-element_type=\"widget\" data-e-type=\"widget\" data-widget_type=\"text-editor.default\">\n\t\t\t\t<div class=\"elementor-widget-container\">\n\t\t\t\t\t\t\t\t\t<p>V pr\u00edpade, \u017ee m\u00e1te ak\u00e9ko\u013evek ot\u00e1zky, nev\u00e1hajte n\u00e1s\u00a0kontaktova\u0165\u00a0a my v\u00e1m s rados\u0165ou porad\u00edme.<\/p>\t\t\t\t\t\t\t\t<\/div>\n\t\t\t\t<\/div>\n\t\t\t\t<div class=\"elementor-element elementor-element-327e089 elementor-hidden-mobile elementor-widget elementor-widget-spacer\" data-id=\"327e089\" data-element_type=\"widget\" data-e-type=\"widget\" data-widget_type=\"spacer.default\">\n\t\t\t\t<div class=\"elementor-widget-container\">\n\t\t\t\t\t\t\t<div class=\"elementor-spacer\">\n\t\t\t<div class=\"elementor-spacer-inner\"><\/div>\n\t\t<\/div>\n\t\t\t\t\t\t<\/div>\n\t\t\t\t<\/div>\n\t\t\t\t<\/div>\n\t\t<div class=\"elementor-element elementor-element-b9dfa14 e-con-full e-flex e-con e-child\" data-id=\"b9dfa14\" data-element_type=\"container\" data-e-type=\"container\">\n\t\t\t\t<div class=\"elementor-element elementor-element-dc905aa e-transform elementor-widget elementor-widget-image\" data-id=\"dc905aa\" data-element_type=\"widget\" data-e-type=\"widget\" data-settings=\"{&quot;_transform_translateX_effect&quot;:{&quot;unit&quot;:&quot;px&quot;,&quot;size&quot;:0,&quot;sizes&quot;:[]},&quot;_transform_translateY_effect&quot;:{&quot;unit&quot;:&quot;px&quot;,&quot;size&quot;:21,&quot;sizes&quot;:[]},&quot;_transform_translateX_effect_tablet&quot;:{&quot;unit&quot;:&quot;px&quot;,&quot;size&quot;:&quot;&quot;,&quot;sizes&quot;:[]},&quot;_transform_translateX_effect_mobile&quot;:{&quot;unit&quot;:&quot;px&quot;,&quot;size&quot;:&quot;&quot;,&quot;sizes&quot;:[]},&quot;_transform_translateY_effect_tablet&quot;:{&quot;unit&quot;:&quot;px&quot;,&quot;size&quot;:&quot;&quot;,&quot;sizes&quot;:[]},&quot;_transform_translateY_effect_mobile&quot;:{&quot;unit&quot;:&quot;px&quot;,&quot;size&quot;:&quot;&quot;,&quot;sizes&quot;:[]}}\" data-widget_type=\"image.default\">\n\t\t\t\t<div class=\"elementor-widget-container\">\n\t\t\t\t\t\t\t\t\t\t\t\t\t\t\t<img fetchpriority=\"high\" decoding=\"async\" width=\"710\" height=\"1024\" src=\"https:\/\/etlab.digital\/wp-content\/uploads\/2025\/05\/NISA-UKAZKA-etlabdigital-710x1024.webp\" class=\"attachment-large size-large wp-image-8333\" alt=\"\" srcset=\"https:\/\/etlab.digital\/wp-content\/uploads\/2025\/05\/NISA-UKAZKA-etlabdigital-710x1024.webp 710w, https:\/\/etlab.digital\/wp-content\/uploads\/2025\/05\/NISA-UKAZKA-etlabdigital-208x300.webp 208w, https:\/\/etlab.digital\/wp-content\/uploads\/2025\/05\/NISA-UKAZKA-etlabdigital-768x1108.webp 768w, https:\/\/etlab.digital\/wp-content\/uploads\/2025\/05\/NISA-UKAZKA-etlabdigital-1065x1536.webp 1065w, https:\/\/etlab.digital\/wp-content\/uploads\/2025\/05\/NISA-UKAZKA-etlabdigital-1420x2048.webp 1420w, https:\/\/etlab.digital\/wp-content\/uploads\/2025\/05\/NISA-UKAZKA-etlabdigital-scaled.webp 1775w\" sizes=\"(max-width: 710px) 100vw, 710px\" \/>\t\t\t\t\t\t\t\t\t\t\t\t\t\t\t<\/div>\n\t\t\t\t<\/div>\n\t\t\t\t<\/div>\n\t\t\t\t\t<\/div>\n\t\t\t\t<\/div>\n\t\t<div class=\"elementor-element elementor-element-58cacb5 e-flex e-con-boxed e-con e-parent\" data-id=\"58cacb5\" data-element_type=\"container\" data-e-type=\"container\">\n\t\t\t\t\t<div class=\"e-con-inner\">\n\t\t\t\t<div class=\"elementor-element elementor-element-ca04793 elementor-widget elementor-widget-spacer\" data-id=\"ca04793\" data-element_type=\"widget\" data-e-type=\"widget\" data-widget_type=\"spacer.default\">\n\t\t\t\t<div class=\"elementor-widget-container\">\n\t\t\t\t\t\t\t<div class=\"elementor-spacer\">\n\t\t\t<div class=\"elementor-spacer-inner\"><\/div>\n\t\t<\/div>\n\t\t\t\t\t\t<\/div>\n\t\t\t\t<\/div>\n\t\t\t\t<div class=\"elementor-element elementor-element-67d5600 elementor-icon-list--layout-traditional elementor-list-item-link-full_width elementor-widget elementor-widget-icon-list\" data-id=\"67d5600\" data-element_type=\"widget\" data-e-type=\"widget\" data-widget_type=\"icon-list.default\">\n\t\t\t\t<div class=\"elementor-widget-container\">\n\t\t\t\t\t\t\t<ul class=\"elementor-icon-list-items\">\n\t\t\t\t\t\t\t<li class=\"elementor-icon-list-item\">\n\t\t\t\t\t\t\t\t\t\t\t<span class=\"elementor-icon-list-icon\">\n\t\t\t\t\t\t\t<svg xmlns=\"http:\/\/www.w3.org\/2000\/svg\" xmlns:xlink=\"http:\/\/www.w3.org\/1999\/xlink\" id=\"Layer_2\" width=\"115.74\" height=\"228\" viewBox=\"0 0 115.74 228\"><defs><style>.cls-1{fill:url(#linear-gradient);}.cls-1,.cls-2,.cls-3,.cls-4{stroke-width:0px;}.cls-2{fill:url(#linear-gradient-2);}.cls-3{fill:url(#linear-gradient-3);}.cls-4{fill:url(#linear-gradient-4);}<\/style><linearGradient id=\"linear-gradient\" x1=\"61.49\" y1=\"49.24\" x2=\"111.08\" y2=\"49.24\" gradientUnits=\"userSpaceOnUse\"><stop offset=\"0\" stop-color=\"#026db1\"><\/stop><stop offset=\"1\" stop-color=\"#88d0d0\"><\/stop><\/linearGradient><linearGradient id=\"linear-gradient-2\" x1=\"82.9\" y1=\"126.12\" x2=\"82.9\" y2=\"30.32\" gradientUnits=\"userSpaceOnUse\"><stop offset=\"0\" stop-color=\"#036eb1\"><\/stop><stop offset=\"1\" stop-color=\"#86d0cf\"><\/stop><\/linearGradient><linearGradient id=\"linear-gradient-3\" x1=\"265.56\" y1=\"-13.64\" x2=\"315.16\" y2=\"-13.64\" gradientTransform=\"translate(319.81 165.13) rotate(-180)\" gradientUnits=\"userSpaceOnUse\"><stop offset=\"0\" stop-color=\"#e22e28\"><\/stop><stop offset=\"1\" stop-color=\"#eb8ea9\"><\/stop><\/linearGradient><linearGradient id=\"linear-gradient-4\" x1=\"286.98\" y1=\"63.24\" x2=\"286.98\" y2=\"-32.56\" xlink:href=\"#linear-gradient-3\"><\/linearGradient><\/defs><path class=\"cls-1\" d=\"M89.44.43c1.63-.9,3.7-.36,4.69,1.26l14.63,25.73c2.98,5.24,3.07,11.65.36,16.97l-27.63,54.08-17.69-31.24c-2.98-5.24-3.07-11.65-.36-16.97l10.2-19.95L88.09,1.88c.36-.54.81-1.08,1.35-1.44Z\"><\/path><path class=\"cls-2\" d=\"M73.64,30.32c-2.71,5.42-2.62,11.74.36,16.97l5.69,9.93,5.87,10.38,29.61,52.27c.45.72.63,1.53.54,2.35-.18,2.26-2.17,4.06-4.42,3.88l-27.26-1.81c-5.96-.27-11.38-3.61-14.35-8.85l-16.61-29.34-1.44-2.53c-1.99-3.52-2.08-7.76-.18-11.28l22.21-41.98Z\"><\/path><path class=\"cls-3\" d=\"M26.29,227.57c-1.63.9-3.7.36-4.69-1.26l-14.63-25.73c-2.98-5.24-3.07-11.65-.36-16.97l27.63-54.08,17.69,31.24c2.98,5.24,3.07,11.65.36,16.97l-10.2,19.95-14.44,28.44c-.36.54-.81,1.08-1.35,1.44Z\"><\/path><path class=\"cls-4\" d=\"M42.09,197.68c2.71-5.42,2.62-11.74-.36-16.97l-5.69-9.93-5.87-10.38L.56,108.13c-.45-.72-.63-1.53-.54-2.35.18-2.26,2.17-4.06,4.42-3.88l27.26,1.81c5.96.27,11.38,3.61,14.35,8.85l16.61,29.34,1.44,2.53c1.99,3.52,2.08,7.76.18,11.28l-22.21,41.98Z\"><\/path><\/svg>\t\t\t\t\t\t<\/span>\n\t\t\t\t\t\t\t\t\t\t<span class=\"elementor-icon-list-text\">01.10.2024 - presmerovanie new.link.sk na nisa.digital<\/span>\n\t\t\t\t\t\t\t\t\t<\/li>\n\t\t\t\t\t\t<\/ul>\n\t\t\t\t\t\t<\/div>\n\t\t\t\t<\/div>\n\t\t\t\t\t<\/div>\n\t\t\t\t<\/div>\n\t\t\t\t<\/div>\n\t\t","protected":false},"excerpt":{"rendered":"<p>Aktualiz\u00e1cie webov\u00fdch aplik\u00e1ci\u00ed V pr\u00edpade, \u017ee m\u00e1te ak\u00e9ko\u013evek ot\u00e1zky, nev\u00e1hajte n\u00e1s\u00a0kontaktova\u0165\u00a0a my v\u00e1m s rados\u0165ou porad\u00edme. 01.10.2024 &#8211; presmerovanie new.link.sk na nisa.digital<\/p>\n","protected":false},"author":1,"featured_media":0,"parent":0,"menu_order":0,"comment_status":"closed","ping_status":"closed","template":"","meta":{"footnotes":""},"class_list":["post-5326","page","type-page","status-publish","hentry"],"_links":{"self":[{"href":"https:\/\/etlab.digital\/index.php\/wp-json\/wp\/v2\/pages\/5326","targetHints":{"allow":["GET"]}}],"collection":[{"href":"https:\/\/etlab.digital\/index.php\/wp-json\/wp\/v2\/pages"}],"about":[{"href":"https:\/\/etlab.digital\/index.php\/wp-json\/wp\/v2\/types\/page"}],"author":[{"embeddable":true,"href":"https:\/\/etlab.digital\/index.php\/wp-json\/wp\/v2\/users\/1"}],"replies":[{"embeddable":true,"href":"https:\/\/etlab.digital\/index.php\/wp-json\/wp\/v2\/comments?post=5326"}],"version-history":[{"count":16,"href":"https:\/\/etlab.digital\/index.php\/wp-json\/wp\/v2\/pages\/5326\/revisions"}],"predecessor-version":[{"id":11611,"href":"https:\/\/etlab.digital\/index.php\/wp-json\/wp\/v2\/pages\/5326\/revisions\/11611"}],"wp:attachment":[{"href":"https:\/\/etlab.digital\/index.php\/wp-json\/wp\/v2\/media?parent=5326"}],"curies":[{"name":"wp","href":"https:\/\/api.w.org\/{rel}","templated":true}]}}